{"id":236220,"date":"2020-06-16T11:35:18","date_gmt":"2020-06-16T09:35:18","guid":{"rendered":"https:\/\/www.beerbottle.eu\/?page_id=236220"},"modified":"2020-06-30T07:42:50","modified_gmt":"2020-06-30T05:42:50","slug":"imprint","status":"publish","type":"page","link":"https:\/\/www.beerbottle.eu\/en\/contact\/imprint\/","title":{"rendered":"Imprint"},"content":{"rendered":"<p>[et_pb_section fb_built=&#8221;1&#8243; disabled_on=&#8221;on||&#8221; _builder_version=&#8221;3.22&#8243; background_color=&#8221;#222222&#8243; custom_margin=&#8221;0px|0px|0px|0px&#8221; custom_padding=&#8221;0px|0px|0px|0px&#8221;][et_pb_row _builder_version=&#8221;3.25&#8243; background_color=&#8221;#222222&#8243;][et_pb_column type=&#8221;4_4&#8243; _builder_version=&#8221;3.25&#8243; custom_padding=&#8221;|||&#8221; custom_padding__hover=&#8221;|||&#8221;][et_pb_ds_breadcrumbs _builder_version=&#8221;3.18.7&#8243;][\/et_pb_ds_breadcrumbs][\/et_pb_column][\/et_pb_row][\/et_pb_section][et_pb_section fb_built=&#8221;1&#8243; _builder_version=&#8221;3.22&#8243; background_color=&#8221;rgba(255,255,255,0)&#8221; custom_padding=&#8221;50px||50px|&#8221;][et_pb_row _builder_version=&#8221;3.25&#8243; background_size=&#8221;initial&#8221; background_position=&#8221;top_left&#8221; background_repeat=&#8221;repeat&#8221;][et_pb_column type=&#8221;4_4&#8243; _builder_version=&#8221;3.25&#8243; custom_padding=&#8221;|||&#8221; custom_padding__hover=&#8221;|||&#8221;][et_pb_text admin_label=&#8221;\u00dcber Bottle Shop Salzburg&#8221; _builder_version=&#8221;3.27.4&#8243; header_font=&#8221;Montserrat||||||||&#8221; header_text_align=&#8221;center&#8221; header_text_color=&#8221;#ffffff&#8221;]<\/p>\n<h1><strong>Imprint Bottle Shop Salzburg<br \/> <\/strong><\/h1>\n<p>[\/et_pb_text][et_pb_image src=&#8221;https:\/\/www.beerbottle.eu\/wp-content\/uploads\/2018\/10\/divider.png&#8221; align=&#8221;center&#8221; align_tablet=&#8221;center&#8221; align_phone=&#8221;&#8221; align_last_edited=&#8221;on|desktop&#8221; _builder_version=&#8221;3.23&#8243;][\/et_pb_image][\/et_pb_column][\/et_pb_row][et_pb_row column_structure=&#8221;1_2,1_2&#8243; _builder_version=&#8221;3.25&#8243; background_size=&#8221;initial&#8221; background_position=&#8221;top_left&#8221; background_repeat=&#8221;repeat&#8221;][et_pb_column type=&#8221;1_2&#8243; _builder_version=&#8221;3.25&#8243; custom_padding=&#8221;|||&#8221; custom_padding__hover=&#8221;|||&#8221;][et_pb_text _builder_version=&#8221;4.0.6&#8243;]<\/p>\n<h2>Bottle Shop \u2013 www.beerbottle.eu<\/h2>\n<p>Schwimmbadstra\u00dfe 242<br \/> 5084 Gro\u00dfgmain Tel: +43 (0)6247 20411<br \/> E-Mail:\u00a0info@beerbottle.eu<\/p>\n<p><strong>Please give us a call to schedule an appointment<\/strong><\/p>\n<p>Managing Director and responsible for the content:<br \/> Bottle Shop \u2013 Christine Keil<\/p>\n<p>DVR- number: 4010989<br \/> UID: ATU68257833<\/p>\n<p>[\/et_pb_text][\/et_pb_column][et_pb_column type=&#8221;1_2&#8243; _builder_version=&#8221;3.25&#8243; custom_padding=&#8221;|||&#8221; custom_padding__hover=&#8221;|||&#8221;][et_pb_text _builder_version=&#8221;3.27.4&#8243;]<\/p>\n<h2>Bank details:<\/h2>\n<p>Raiffeisenverband Salzburg<br \/>Routing number.: 35000<br \/>Account number: 3146693<\/p>\n<p>IBAN: AT223500000003146693<br \/> BIC: RVSAAT2S<\/p>\n<p>[\/et_pb_text][\/et_pb_column][\/et_pb_row][et_pb_row _builder_version=&#8221;3.25&#8243; background_size=&#8221;initial&#8221; background_position=&#8221;top_left&#8221; background_repeat=&#8221;repeat&#8221;][et_pb_column type=&#8221;4_4&#8243; _builder_version=&#8221;3.25&#8243; custom_padding=&#8221;|||&#8221; custom_padding__hover=&#8221;|||&#8221;][et_pb_text _builder_version=&#8221;3.27.4&#8243;]<\/p>\n<p>Platform of the EU Commission for online dispute resolution: <a href=\"https:\/\/ec.europa.eu\/consumers\/odr\" target=\"_blank\" rel=\"noopener noreferrer\">https:\/\/ec.europa.eu\/consumers\/odr<\/a><br \/> We are neither obliged nor willing to participate ina dispute settlement procedure before a consumer arbitration board.<\/p>\n<p>[\/et_pb_text][\/et_pb_column][\/et_pb_row][et_pb_row module_class=&#8221; et_pb_row_fullwidth&#8221; _builder_version=&#8221;3.25&#8243; background_image=&#8221;https:\/\/www.beerbottle.eu\/wp-content\/uploads\/2018\/11\/Banner_Web_Mirabell_3.jpg&#8221; width=&#8221;94%&#8221; width_tablet=&#8221;80%&#8221; width_phone=&#8221;&#8221; width_last_edited=&#8221;on|desktop&#8221; max_width=&#8221;94%&#8221; max_width_tablet=&#8221;80%&#8221; max_width_phone=&#8221;&#8221; max_width_last_edited=&#8221;on|desktop&#8221; custom_margin=&#8221;30px|||&#8221; custom_padding=&#8221;300px|||&#8221; make_fullwidth=&#8221;on&#8221;][et_pb_column type=&#8221;4_4&#8243; _builder_version=&#8221;3.25&#8243; custom_padding=&#8221;|||&#8221; custom_padding__hover=&#8221;|||&#8221;][\/et_pb_column][\/et_pb_row][\/et_pb_section]<\/p>\n","protected":false},"excerpt":{"rendered":"<p>Imprint Bottle Shop Salzburg Bottle Shop \u2013 www.beerbottle.eu Schwimmbadstra\u00dfe 242 5084 Gro\u00dfgmain Tel: +43 (0)6247 20411 E-Mail:\u00a0info@beerbottle.eu Please give us a call to schedule an appointment Managing Director and responsible for the content: Bottle Shop \u2013 Christine Keil DVR- number: 4010989 UID: ATU68257833Bank details: Raiffeisenverband SalzburgRouting number.: 35000Account number: 3146693 IBAN: AT223500000003146693 BIC: RVSAAT2SPlatform of [&hellip;]<\/p>\n","protected":false},"author":1,"featured_media":0,"parent":236207,"menu_order":0,"comment_status":"closed","ping_status":"closed","template":"","meta":{"_et_pb_use_builder":"on","_et_pb_old_content":"<p>[et_pb_section fb_built=\"1\" disabled_on=\"on||\" _builder_version=\"3.22\" background_color=\"#222222\" custom_margin=\"0px|0px|0px|0px\" custom_padding=\"0px|0px|0px|0px\"][et_pb_row _builder_version=\"3.25\" background_color=\"#222222\"][et_pb_column type=\"4_4\" _builder_version=\"3.25\" custom_padding=\"|||\" custom_padding__hover=\"|||\"][et_pb_ds_breadcrumbs _builder_version=\"3.18.7\"][\/et_pb_ds_breadcrumbs][\/et_pb_column][\/et_pb_row][\/et_pb_section][et_pb_section fb_built=\"1\" _builder_version=\"3.22\" background_color=\"rgba(255,255,255,0)\" custom_padding=\"50px||50px|\"][et_pb_row _builder_version=\"3.25\" background_size=\"initial\" background_position=\"top_left\" background_repeat=\"repeat\"][et_pb_column type=\"4_4\" _builder_version=\"3.25\" custom_padding=\"|||\" custom_padding__hover=\"|||\"][et_pb_text admin_label=\"\u00dcber Bottle Shop Salzburg\" _builder_version=\"3.27.4\" header_font=\"Montserrat||||||||\" header_text_align=\"center\" header_text_color=\"#ffffff\"]<\/p><h1><strong>Impressum Bottle Shop Salzburg<br \/><\/strong><\/h1><p>[\/et_pb_text][et_pb_image src=\"https:\/\/www.beerbottle.eu\/wp-content\/uploads\/2018\/10\/divider.png\" align=\"center\" align_tablet=\"center\" align_last_edited=\"on|desktop\" _builder_version=\"3.23\"][\/et_pb_image][\/et_pb_column][\/et_pb_row][et_pb_row _builder_version=\"3.25\" background_size=\"initial\" background_position=\"top_left\" background_repeat=\"repeat\" column_structure=\"1_2,1_2\"][et_pb_column type=\"1_2\" _builder_version=\"3.25\" custom_padding=\"|||\" custom_padding__hover=\"|||\"][et_pb_text _builder_version=\"4.0.6\" hover_enabled=\"0\"]<\/p><h2>Bottle Shop \u2013 www.beerbottle.eu<\/h2><p>Schwimmbadstra\u00dfe 242<br \/>5084 Gro\u00dfgmain Tel: +43 (0)6247 20411<br \/>E-Mail:\u00a0info@beerbottle.eu<\/p><p><strong>Termine nur nach Telefonischer Vereinbarung!<\/strong><\/p><p>Gesch\u00e4ftsf\u00fchrerin und Verantwortliche f\u00fcr den Inhalt:<br \/>Bottle Shop \u2013 Christine Keil<\/p><p>DVR- Nummer: 4010989<br \/>UID: ATU68257833<\/p><p>[\/et_pb_text][\/et_pb_column][et_pb_column type=\"1_2\" _builder_version=\"3.25\" custom_padding=\"|||\" custom_padding__hover=\"|||\"][et_pb_text _builder_version=\"3.27.4\"]<\/p><h2>Bankverbindung:<\/h2><p>Raiffeisenverband Salzburg<br \/>Blz.: 35000<br \/>Ktnr: 3146693<\/p><p>IBAN: AT223500000003146693<br \/>BIC: RVSAAT2S<\/p><p>[\/et_pb_text][\/et_pb_column][\/et_pb_row][et_pb_row _builder_version=\"3.25\" background_size=\"initial\" background_position=\"top_left\" background_repeat=\"repeat\"][et_pb_column type=\"4_4\" _builder_version=\"3.25\" custom_padding=\"|||\" custom_padding__hover=\"|||\"][et_pb_text _builder_version=\"3.27.4\"]<\/p><p>Plattform der EU-Kommission zur Online-Streitbeilegung: <a href=\"https:\/\/ec.europa.eu\/consumers\/odr\" target=\"_blank\" rel=\"noopener noreferrer\">https:\/\/ec.europa.eu\/consumers\/odr<\/a><br \/>Wir sind zur Teilnahme an einem Streitbeilegungsverfahren vor einer Verbraucherschlichtungsstelle weder verpflichtet noch bereit.<\/p><p>[\/et_pb_text][\/et_pb_column][\/et_pb_row][et_pb_row module_class=\" et_pb_row_fullwidth\" _builder_version=\"3.25\" background_image=\"https:\/\/www.beerbottle.eu\/wp-content\/uploads\/2018\/11\/Banner_Web_Mirabell_3.jpg\" width=\"94%\" width_tablet=\"80%\" width_last_edited=\"on|desktop\" max_width=\"94%\" max_width_tablet=\"80%\" max_width_last_edited=\"on|desktop\" custom_margin=\"30px|||\" custom_padding=\"300px|||\" make_fullwidth=\"on\"][et_pb_column type=\"4_4\" _builder_version=\"3.25\" custom_padding=\"|||\" custom_padding__hover=\"|||\"][\/et_pb_column][\/et_pb_row][\/et_pb_section]<\/p>","_et_gb_content_width":"","footnotes":""},"_links":{"self":[{"href":"https:\/\/www.beerbottle.eu\/en\/wp-json\/wp\/v2\/pages\/236220"}],"collection":[{"href":"https:\/\/www.beerbottle.eu\/en\/wp-json\/wp\/v2\/pages"}],"about":[{"href":"https:\/\/www.beerbottle.eu\/en\/wp-json\/wp\/v2\/types\/page"}],"author":[{"embeddable":true,"href":"https:\/\/www.beerbottle.eu\/en\/wp-json\/wp\/v2\/users\/1"}],"replies":[{"embeddable":true,"href":"https:\/\/www.beerbottle.eu\/en\/wp-json\/wp\/v2\/comments?post=236220"}],"version-history":[{"count":0,"href":"https:\/\/www.beerbottle.eu\/en\/wp-json\/wp\/v2\/pages\/236220\/revisions"}],"up":[{"embeddable":true,"href":"https:\/\/www.beerbottle.eu\/en\/wp-json\/wp\/v2\/pages\/236207"}],"wp:attachment":[{"href":"https:\/\/www.beerbottle.eu\/en\/wp-json\/wp\/v2\/media?parent=236220"}],"curies":[{"name":"wp","href":"https:\/\/api.w.org\/{rel}","templated":true}]}}