{"id":236194,"date":"2020-06-16T11:29:29","date_gmt":"2020-06-16T09:29:29","guid":{"rendered":"https:\/\/www.beerbottle.eu\/?page_id=236194"},"modified":"2020-06-30T15:04:45","modified_gmt":"2020-06-30T13:04:45","slug":"shipping","status":"publish","type":"page","link":"https:\/\/www.beerbottle.eu\/en\/beverage-retailer\/shipping\/","title":{"rendered":"Shipping"},"content":{"rendered":"<p>[et_pb_section fb_built=&#8221;1&#8243; _builder_version=&#8221;3.22&#8243; background_color=&#8221;#222222&#8243; custom_margin=&#8221;0px|0px|0px|0px&#8221; custom_padding=&#8221;0px|0px|0px|0px&#8221;][et_pb_row _builder_version=&#8221;3.25&#8243; background_size=&#8221;initial&#8221; background_position=&#8221;top_left&#8221; background_repeat=&#8221;repeat&#8221;][et_pb_column type=&#8221;4_4&#8243; _builder_version=&#8221;3.25&#8243; custom_padding=&#8221;|||&#8221; custom_padding__hover=&#8221;|||&#8221;][et_pb_ds_breadcrumbs _builder_version=&#8221;3.17.6&#8243;][\/et_pb_ds_breadcrumbs][\/et_pb_column][\/et_pb_row][\/et_pb_section][et_pb_section fb_built=&#8221;1&#8243; _builder_version=&#8221;4.4.8&#8243; hover_enabled=&#8221;0&#8243; background_color=&#8221;rgba(255,255,255,0)&#8221;][et_pb_row _builder_version=&#8221;3.25&#8243; background_size=&#8221;initial&#8221; background_position=&#8221;top_left&#8221; background_repeat=&#8221;repeat&#8221;][et_pb_column type=&#8221;4_4&#8243; _builder_version=&#8221;3.25&#8243; custom_padding=&#8221;|||&#8221; custom_padding__hover=&#8221;|||&#8221;][et_pb_text _builder_version=&#8221;4.0.6&#8243;]<\/p>\n<h1>Shipping methods and cost<\/h1>\n<p>In addition to the product price, users must bear shipping costs. Shipping costs depend on the quantity of ordered goods, the type of shipping and the delivery destination, and are clearly communicated in the ordering process before placing the binding order.<\/p>\n<p>We work with reliable shipping companies to ensure that you receive your goods quickly and safely:<\/p>\n<p><strong>LogoiX <\/strong><\/p>\n<ul>\n<li>Flat-rate shipping costs per delivery for customers from <strong>Germany and Austria 9.90 EUR<\/strong> including VAT.<\/li>\n<li>Per order from 2 pieces Blades will be an additional \u20ac4.99 per blade, including VAT. Shipping costs charged.<\/li>\n<li>A one-off fee of \u20ac14.99 is charged for each blade counter system.<\/li>\n<\/ul>\n<ul><\/ul>\n<p>[\/et_pb_text][\/et_pb_column][\/et_pb_row][\/et_pb_section]<\/p>\n","protected":false},"excerpt":{"rendered":"<p>Shipping methods and cost In addition to the product price, users must bear shipping costs. Shipping costs depend on the quantity of ordered goods, the type of shipping and the delivery destination, and are clearly communicated in the ordering process before placing the binding order. We work with reliable shipping companies to ensure that you [&hellip;]<\/p>\n","protected":false},"author":1,"featured_media":0,"parent":236184,"menu_order":0,"comment_status":"closed","ping_status":"closed","template":"","meta":{"_et_pb_use_builder":"on","_et_pb_old_content":"<p>[et_pb_section fb_built=\"1\" _builder_version=\"3.22\" background_color=\"#222222\" custom_margin=\"0px|0px|0px|0px\" custom_padding=\"0px|0px|0px|0px\"][et_pb_row _builder_version=\"3.25\" background_size=\"initial\" background_position=\"top_left\" background_repeat=\"repeat\"][et_pb_column type=\"4_4\" _builder_version=\"3.25\" custom_padding=\"|||\" custom_padding__hover=\"|||\"][et_pb_ds_breadcrumbs _builder_version=\"3.17.6\"][\/et_pb_ds_breadcrumbs][\/et_pb_column][\/et_pb_row][\/et_pb_section][et_pb_section fb_built=\"1\" _builder_version=\"3.22\"][et_pb_row _builder_version=\"3.25\" background_size=\"initial\" background_position=\"top_left\" background_repeat=\"repeat\"][et_pb_column type=\"4_4\" _builder_version=\"3.25\" custom_padding=\"|||\" custom_padding__hover=\"|||\"][et_pb_text _builder_version=\"4.0.6\" hover_enabled=\"0\"]<\/p><h1>Versandarten und Kosten<\/h1><p>Der Nutzer hat zus\u00e4tzlich zum Produktpreis die Kosten f\u00fcr den Versand zu tragen. Die Versandkosten h\u00e4ngen von der Menge der bestellten Waren, der Versandart und dem Lieferziel ab und werden vor Abgabe der verbindlichen Bestellung im Bestellvorgang deutlich mitgeteilt.<\/p><p>Damit Sie Ihre Ware auch schnell und sicher erhalten, arbeiten wir mit\u00a0zuverl\u00e4ssigen Versandunternehmen zusammen:<\/p><p><b>LogoiX\u00a0<\/b><\/p><ul><li>Versandkostenpauschale pro Lieferung f\u00fcr Kunden aus <strong>Deutschland und \u00d6sterreich 9,90 EUR<\/strong> inkl. gesetzlicher Mwst.<\/li><li>Pro Bestellung ab 2 Stk. Blades werden je weiteren Blade zus\u00e4tzlich 4,99 EUR inkl. gesetzlicher Mwst. Versandkosten verrechnet.<\/li><li>Pro Blade- Thekensystem wird einmalig 14,99 EUR verrechnet.<\/li><\/ul><p>[\/et_pb_text][\/et_pb_column][\/et_pb_row][\/et_pb_section]<\/p>","_et_gb_content_width":"","footnotes":""},"_links":{"self":[{"href":"https:\/\/www.beerbottle.eu\/en\/wp-json\/wp\/v2\/pages\/236194"}],"collection":[{"href":"https:\/\/www.beerbottle.eu\/en\/wp-json\/wp\/v2\/pages"}],"about":[{"href":"https:\/\/www.beerbottle.eu\/en\/wp-json\/wp\/v2\/types\/page"}],"author":[{"embeddable":true,"href":"https:\/\/www.beerbottle.eu\/en\/wp-json\/wp\/v2\/users\/1"}],"replies":[{"embeddable":true,"href":"https:\/\/www.beerbottle.eu\/en\/wp-json\/wp\/v2\/comments?post=236194"}],"version-history":[{"count":0,"href":"https:\/\/www.beerbottle.eu\/en\/wp-json\/wp\/v2\/pages\/236194\/revisions"}],"up":[{"embeddable":true,"href":"https:\/\/www.beerbottle.eu\/en\/wp-json\/wp\/v2\/pages\/236184"}],"wp:attachment":[{"href":"https:\/\/www.beerbottle.eu\/en\/wp-json\/wp\/v2\/media?parent=236194"}],"curies":[{"name":"wp","href":"https:\/\/api.w.org\/{rel}","templated":true}]}}